
{"id":8801,"date":"2023-06-29T16:03:14","date_gmt":"2023-06-29T16:03:14","guid":{"rendered":"https:\/\/www.fvms.de\/kreisau-krzyzowa-2\/more-about-kreisau\/"},"modified":"2026-01-20T17:22:57","modified_gmt":"2026-01-20T17:22:57","slug":"more-about-kreisau","status":"publish","type":"page","link":"https:\/\/www.fvms.de\/en\/kreisau-krzyzowa-2\/more-about-kreisau\/","title":{"rendered":"More About Kreisau"},"content":{"rendered":"\n<section class=\"wp-block-fvms-blocks-cw-container cw-container full-width  cw-container__padding-bottom\" style=\"background-color:white;color:black\"><div class=\"max-width-content \"><h1 class=\"wp-block-heading\" id=\"more-about-kreisau\">More About Kreisau<\/h1>\n\n\n<p>Would you like to read a <strong>biography of Freya von Moltke<\/strong>, explore <strong>Kreisau through film<\/strong>, learn more about the <strong>work of the Kreisau Circle<\/strong>, or simply get to know Kreisau\/Krzy\u017cowa better?<br>Then take a look at our <strong>recommendations<\/strong>.<\/p>\n\n\n\n<figure class=\"wp-block-image size-large\"><img loading=\"lazy\" decoding=\"async\" width=\"1024\" height=\"682\" src=\"https:\/\/www.fvms.de\/wp-content\/uploads\/2023\/12\/20190928-dsc0213021-1024x682.jpg\" alt=\"\" class=\"wp-image-3277\" srcset=\"https:\/\/www.fvms.de\/wp-content\/uploads\/2023\/12\/20190928-dsc0213021-1024x682.jpg 1024w, https:\/\/www.fvms.de\/wp-content\/uploads\/2023\/12\/20190928-dsc0213021-300x200.jpg 300w, https:\/\/www.fvms.de\/wp-content\/uploads\/2023\/12\/20190928-dsc0213021-768x512.jpg 768w, https:\/\/www.fvms.de\/wp-content\/uploads\/2023\/12\/20190928-dsc0213021-1536x1024.jpg 1536w, https:\/\/www.fvms.de\/wp-content\/uploads\/2023\/12\/20190928-dsc0213021.jpg 2000w\" sizes=\"auto, (max-width: 1024px) 100vw, 1024px\" \/><figcaption class=\"wp-element-caption\">A piece of the Berlin Wall in Kreisau\/Krzy\u017cowa is a reminder to overcome borders and seek dialogue<\/figcaption><\/figure>\n<\/div><\/section>\n\n\n\n<section class=\"wp-block-fvms-blocks-cw-container cw-container full-width  cw-container__padding-bottom\" style=\"background-color:white;color:black\"><div class=\"max-width-content \">\n<section class=\"wp-block-fvms-blocks-faq-accordion accordion\"><button class=\"accordion__button\" aria-expanded=\"false\"><h3>Literature<\/h3><span class=\"accordion__icon accordion__icon--plus\"><\/span><\/button><section class=\"accordion__content accordion--hidden\">\n<p><strong>Freya und Helmuth James von Moltke<\/strong><\/p>\n\n\n\n<ul class=\"wp-block-list\">\n<li>Brakelmann, G\u00fcnter: Helmuth James von Moltke 1907\u20131945. Eine Biographie, M\u00fcnchen: C.H. Beck 2007. <\/li>\n\n\n\n<li>Geyken, Frauke: Freya von Moltke. Ein Jahrhundertleben, 1911\u20132010, M\u00fcnchen: C.H. Beck 2011. <\/li>\n\n\n\n<li>Moltke, Helmuth James und Freya: Abschiedsbriefe Gef\u00e4ngnis Tegel. September 1944 \u2013 Januar 1945, herausgegeben von Helmuth Caspar und Ulrike von Moltke, M\u00fcnchen: C.H. Beck 2011. <\/li>\n\n\n\n<li>Moltke, Freya von: Erinnerungen an Kreisau 1930\u20131945, M\u00fcnchen: C.H. Beck 1997.<\/li>\n\n\n\n<li>Moltke, Freya von und Christian Tr\u00f6bst: Widerstand und Glaube. Ein Briefwechsel 1957\u20131959, herausgegeben von Krzysztof Ruchniewicz und Marek Zybura, G\u00f6ttingen: Wallstein Verlag 2023. <\/li>\n\n\n\n<li>K\u00f6hler, Jochen: Helmuth James von Moltke. Geschichte einer Kindheit und Jugend, Reinbek bei Hamburg: Rowohlt Verlag 2008. <\/li>\n\n\n\n<li>Tempel, Sylke: Freya von Moltke. Ein Leben. Ein Jahrhundert, Berlin: Rowohlt Verlag 2010.  <\/li>\n<\/ul>\n\n\n\n<p><strong>The Kreisau Circle<\/strong><\/p>\n\n\n\n<ul class=\"wp-block-list\">\n<li>Brakelmann, G\u00fcnter: Der Kreisauer Kreis. Chronologie, Kurzbiographien und Texte aus dem Widerstand, M\u00fcnster: LIT 2004. <\/li>\n\n\n\n<li>Ulrich, Volker: Der Kreisauer Kreis, Berlin: Rowohlt Verlag 2008.<\/li>\n<\/ul>\n\n\n\n<p><strong>The New Kreisau<\/strong><\/p>\n\n\n\n<ul class=\"wp-block-list\">\n<li>Czachur, Waldemar und Gregor Feindt: Kreisau | Krzy\u017cowa. 1945 \u2013 1989 \u2013 2019, Bonn: Bundeszentrale f\u00fcr politische Bildung 2019. <\/li>\n\n\n\n<li>Franke, Annemarie: \u201eTo nie wrogowie, to ludzie.\u201c \u2013 \u201eDas sind keine Feinde, sondern Menschen.\u201c Ewa Unger (1926\u20132020), Krzy\u017cowa\/Wroc\u0142aw 2022. <\/li>\n\n\n\n<li>Franke, Annemarie: Das neue Kreisau. Die Entstehungsgeschichte der Stiftung Kreisau f\u00fcr Europ\u00e4ische Verst\u00e4ndigung 1989\u20131998, Augsburg: Wi\u00dfner-Verlag 2017. <\/li>\n\n\n\n<li>Ruchniewicz, Krzysztof: Kreisau neu gelesen, Dresden: Neisse Verlag 2018.<\/li>\n<\/ul>\n<\/section><\/section>\n\n\n\n<section class=\"wp-block-fvms-blocks-faq-accordion accordion\"><button class=\"accordion__button\" aria-expanded=\"true\"><h3>Film and Audio Documents<\/h3><span class=\"accordion__icon accordion__icon--minus\"><\/span><\/button><section class=\"accordion__content \">\n<p><strong>Films<\/strong><\/p>\n\n\n\n<ul class=\"wp-block-list\">\n<li>Freudenberg, Rachel: <a href=\"https:\/\/videolibrarian.com\/reviews\/documentary\/freya\/\" target=\"_blank\" rel=\"noreferrer noopener\">Freya<\/a>, 2013.<\/li>\n\n\n\n<li>Schlingensiepen, Hellmut: <a href=\"https:\/\/www.geschichte-begreifen.info\/de\/freya-von-moltke.html\" target=\"_blank\" rel=\"noreferrer noopener\">Im Gespr\u00e4ch mit Freya von Moltke<\/a>, 2010.<\/li>\n\n\n\n<li>Sit\u00f3, Hellmut, Hellmut Schlingensiepen und Christian Bimm Coers: <a href=\"https:\/\/www.geschichte-begreifen.info\/de\/helmuth-james-von-moltke.html\" target=\"_blank\" rel=\"noreferrer noopener\">\u201e&#8230; weil wir zusammen gedacht haben.\u201c<\/a>, 2007.<\/li>\n\n\n\n<li>Starost, Antje und Hans Helmuth Grotjahn: <a href=\"https:\/\/www.starostfilm.de\/freya.htm\" target=\"_blank\" rel=\"noreferrer noopener\">Geschichte einer Liebe \u2013 Freya<\/a>, 2017.<\/li>\n<\/ul>\n\n\n\n<p><strong>Audio Documents<\/strong><\/p>\n\n\n\n<ul class=\"wp-block-list\">\n<li>Moltke, Helmuth James: Briefe an die S\u00f6hne, gelesen von Helmuth Caspar von Moltke, herausgegeben von der Freya von Moltke-Stiftung f\u00fcr das Neue Kreisau 2019.<\/li>\n\n\n\n<li>Moltke, Helmuth James und Freya von: Abschiedsbriefe Gef\u00e4ngnis Tegel. September 1944 \u2013 Januar 1945, gelesen von Jovita Dermota und Jochen Striebeck, 2011. <\/li>\n<\/ul>\n<\/section><\/section>\n\n\n\n<section class=\"wp-block-fvms-blocks-faq-accordion accordion\"><button class=\"accordion__button\" aria-expanded=\"false\"><h3>Kreisau-VideoGuide<\/h3><span class=\"accordion__icon accordion__icon--plus\"><\/span><\/button><section class=\"accordion__content accordion--hidden\">\n<p>Fourteen short videos provide insights into the <strong>history and present-day life of Kreisau\/Krzy\u017cowa<\/strong>:<br>Who met in the historic House on the Hill? What is located on the Chapel Hill? You can discover these and more details <a href=\"http:\/\/history.krzyzowa.pl\/index.php\/de\/informacje-o-projekcie-2\" target=\"_blank\" rel=\"noreferrer noopener\">here<\/a>.  <\/p>\n\n\n\n<figure class=\"wp-block-embed is-type-video is-provider-youtube wp-block-embed-youtube wp-embed-aspect-16-9 wp-has-aspect-ratio\"><div class=\"wp-block-embed__wrapper\">\n<iframe loading=\"lazy\" title=\"Kreisau-VideoGuide #1: Einf\u00fchrung\" width=\"500\" height=\"281\" src=\"https:\/\/www.youtube.com\/embed\/4kg6iS556dI?feature=oembed\" frameborder=\"0\" allow=\"accelerometer; autoplay; clipboard-write; encrypted-media; gyroscope; picture-in-picture; web-share\" referrerpolicy=\"strict-origin-when-cross-origin\" allowfullscreen><\/iframe>\n<\/div><\/figure>\n\n\n\n<p>The Kreisau Video Guide is a project by our partner organisation, the <a href=\"https:\/\/www.krzyzowa.pl\/de\/\" target=\"_blank\" rel=\"noreferrer noopener\">Krzy\u017cowa Foundation for Mutual Understanding in Europe<\/a>.<\/p>\n<\/section><\/section>\n\n\n\n<section class=\"wp-block-fvms-blocks-faq-accordion accordion\"><button class=\"accordion__button\" aria-expanded=\"false\"><h3>Annual Magazines <\/h3><span class=\"accordion__icon accordion__icon--plus\"><\/span><\/button><section class=\"accordion__content accordion--hidden\">\n<p>The annual magazines provide unique insights into <strong>the work and impact of our foundation<\/strong>. They feature interviews with individuals involved in or connected to Kreisau\/Krzy\u017cowa, photo documentation of Kreisau\u2019s projects, reports on events, contributions to current societal debates, and financial reports from the head office.<br><br><\/p>\n\n\n\n<p>The 2021, 2022\/23, and 2024\/25 annual magazines were produced as a collaborative project with the <a href=\"https:\/\/www.kreisau.de\/\" target=\"_blank\" rel=\"noreferrer noopener\">Kreisau Initiative e.V.<\/a> and the <a href=\"https:\/\/www.krzyzowa.pl\/de\/\" target=\"_blank\" rel=\"noreferrer noopener\">Krzy\u017cowa Foundation for Mutual Understanding in Europe<\/a>.<\/p>\n\n\n\n<ul class=\"wp-block-list\">\n<li><a href=\"https:\/\/www.fvms.de\/wp-content\/uploads\/2025\/10\/KreisauerJahresheft_2024-25.pdf\" target=\"_blank\" rel=\"noreferrer noopener\">Annual Magazine 2024\/25<\/a><\/li>\n\n\n\n<li><a href=\"https:\/\/www.fvms.de\/wp-content\/uploads\/2023\/11\/Jahresbericht-Kreisauer-Netzwerk-2022-23_WEB.pdf\" target=\"_blank\" rel=\"noreferrer noopener\">Annual Magazine 2022\/23<\/a><\/li>\n\n\n\n<li><a href=\"https:\/\/www.fvms.de\/wp-content\/uploads\/2023\/12\/fvms_jahresbericht_2021.pdf\" target=\"_blank\" rel=\"noreferrer noopener\">Annual Magazine 2021<\/a><\/li>\n\n\n\n<li><a href=\"https:\/\/www.fvms.de\/wp-content\/uploads\/2023\/12\/fvms_jahresbericht_2020.pdf\" target=\"_blank\" rel=\"noreferrer noopener\">Annual Magazine 2020<\/a><\/li>\n\n\n\n<li><a href=\"https:\/\/www.fvms.de\/wp-content\/uploads\/2023\/12\/fvms_jahresbericht_2019.pdf\" target=\"_blank\" rel=\"noreferrer noopener\">Annual Magazine 2019<\/a><\/li>\n\n\n\n<li><a href=\"https:\/\/www.fvms.de\/wp-content\/uploads\/2023\/12\/fvms_jahresbericht_2018.pdf\" target=\"_blank\" rel=\"noreferrer noopener\">Annual Magazine 2018<\/a><\/li>\n\n\n\n<li><a href=\"https:\/\/www.fvms.de\/wp-content\/uploads\/2023\/12\/fvms_jahresbericht_2017.pdf\" target=\"_blank\" rel=\"noreferrer noopener\">Annual Magazine 2017<\/a><\/li>\n\n\n\n<li><a href=\"https:\/\/www.fvms.de\/wp-content\/uploads\/2023\/12\/fvms_jahresbericht_2016.pdf\" target=\"_blank\" rel=\"noreferrer noopener\">Annual Magazine 2016<\/a><\/li>\n\n\n\n<li><a href=\"https:\/\/www.fvms.de\/wp-content\/uploads\/2023\/12\/fvms_jahresbericht_2015.pdf\" target=\"_blank\" rel=\"noreferrer noopener\">Annual Magazine 2015<\/a><\/li>\n\n\n\n<li><a href=\"https:\/\/www.fvms.de\/wp-content\/uploads\/2023\/12\/fvms_jahresbericht_2014.pdf\" target=\"_blank\" rel=\"noreferrer noopener\">Annual Magazine 2014<\/a><\/li>\n\n\n\n<li><a href=\"https:\/\/www.fvms.de\/wp-content\/uploads\/2023\/12\/fvms_jahresbericht_2013.pdf\" target=\"_blank\" rel=\"noreferrer noopener\">Annual Magazine 2013<\/a><\/li>\n\n\n\n<li><a href=\"https:\/\/www.fvms.de\/wp-content\/uploads\/2023\/12\/fvms_jahresbericht_2012.pdf\" target=\"_blank\" rel=\"noreferrer noopener\">Annual Magazine 2012<\/a><\/li>\n\n\n\n<li><a href=\"https:\/\/www.fvms.de\/wp-content\/uploads\/2023\/12\/fvms_jahresbericht_2011.pdf\" target=\"_blank\" rel=\"noreferrer noopener\">Annual Magazine 2011<\/a><\/li>\n\n\n\n<li><a href=\"https:\/\/www.fvms.de\/wp-content\/uploads\/2023\/12\/fvms_jahresbericht_2010.pdf\" target=\"_blank\" rel=\"noreferrer noopener\">Annual Magazine 2010<\/a><\/li>\n\n\n\n<li><a href=\"https:\/\/www.fvms.de\/wp-content\/uploads\/2023\/12\/fvms_jahresbericht_2009.pdf\" target=\"_blank\" rel=\"noreferrer noopener\">Annual Magazine 2009<\/a><\/li>\n\n\n\n<li><a href=\"https:\/\/www.fvms.de\/wp-content\/uploads\/2023\/12\/fvms_jahresbericht_2008.pdf\" target=\"_blank\" rel=\"noreferrer noopener\">Annual Magazine 2008<\/a><\/li>\n\n\n\n<li><a href=\"https:\/\/www.fvms.de\/wp-content\/uploads\/2023\/12\/fvms_jahresbericht_2007.pdf\" target=\"_blank\" rel=\"noreferrer noopener\">Annual Magazine 2007<\/a><\/li>\n<\/ul>\n<\/section><\/section>\n\n\n\n<section class=\"wp-block-fvms-blocks-faq-accordion accordion\"><button class=\"accordion__button\" aria-expanded=\"false\"><h3>Foundation Letters<\/h3><span class=\"accordion__icon accordion__icon--plus\"><\/span><\/button><section class=\"accordion__content accordion--hidden\">\n<p>Our foundation letters <strong>provide brief updates on current activities and offer a retrospective of the year<\/strong>. They are prepared collaboratively between the head office and the Young Patrons. <\/p>\n\n\n\n<ul class=\"wp-block-list\">\n<li><a href=\"https:\/\/www.fvms.de\/wp-content\/uploads\/2025\/11\/FvMS_Stiftungsbrief_Advent2025_web.pdf\" target=\"_blank\" rel=\"noreferrer noopener\">Advent 2025 foundation letter<\/a><\/li>\n\n\n\n<li><strong><a href=\"https:\/\/www.fvms.de\/wp-content\/uploads\/2024\/11\/FvMS_Stiftungsbrief_Advent2024_WEB.pdf\" target=\"_blank\" rel=\"noreferrer noopener\">Advent 2024 foundation letter<\/a><\/strong><\/li>\n\n\n\n<li><a href=\"https:\/\/www.fvms.de\/wp-content\/uploads\/2023\/12\/fvms_stiftungsbrief_advent_2023_WEB.pdf\" target=\"_blank\" rel=\"noreferrer noopener\">Advent 2023 foundation letter<\/a><\/li>\n\n\n\n<li><a href=\"https:\/\/www.fvms.de\/wp-content\/uploads\/2023\/12\/fvms_stiftungsbrief_advent_2022_WEB.pdf\" target=\"_blank\" rel=\"noreferrer noopener\">Advent 2022 foundation letter<\/a><\/li>\n\n\n\n<li><a href=\"https:\/\/www.fvms.de\/wp-content\/uploads\/2023\/12\/fvms_stiftungsbrief_advent_2021_WEB.pdf\" target=\"_blank\" rel=\"noreferrer noopener\">Advent 2021 foundation letter<\/a><\/li>\n\n\n\n<li><a href=\"https:\/\/www.fvms.de\/wp-content\/uploads\/2023\/12\/fvms_stiftungsbrief_sommer_2021_WEB.pdf\" target=\"_blank\" rel=\"noreferrer noopener\">Foundation letter summer 2021<\/a><\/li>\n\n\n\n<li><a href=\"https:\/\/www.fvms.de\/wp-content\/uploads\/2023\/12\/fvms_stiftungsbrief_advent_2020_WEB.pdf\" target=\"_blank\" rel=\"noreferrer noopener\">Advent 2020 foundation letter<\/a><\/li>\n<\/ul>\n<\/section><\/section>\n<\/div><\/section>\n","protected":false},"excerpt":{"rendered":"","protected":false},"author":16,"featured_media":0,"parent":8593,"menu_order":3,"comment_status":"closed","ping_status":"closed","template":"","meta":{"footnotes":""},"class_list":["post-8801","page","type-page","status-publish","hentry"],"yoast_head":"<!-- This site is optimized with the Yoast SEO plugin v27.2 - https:\/\/yoast.com\/product\/yoast-seo-wordpress\/ -->\n<title>More About Kreisau &#8226; Freya von Moltke Foundation<\/title>\n<meta name=\"description\" content=\"More about Kreisau: Here you\u2019ll find recommended literature and films, as well as our annual reports and foundation newsletters.\" \/>\n<meta name=\"robots\" content=\"index, follow, max-snippet:-1, max-image-preview:large, max-video-preview:-1\" \/>\n<link rel=\"canonical\" href=\"https:\/\/www.fvms.de\/en\/kreisau-krzyzowa-2\/more-about-kreisau\/\" \/>\n<meta property=\"og:locale\" content=\"en_US\" \/>\n<meta property=\"og:type\" content=\"article\" \/>\n<meta property=\"og:title\" content=\"More About Kreisau &#8226; Freya von Moltke Foundation\" \/>\n<meta property=\"og:description\" content=\"More about Kreisau: Here you\u2019ll find recommended literature and films, as well as our annual reports and foundation newsletters.\" \/>\n<meta property=\"og:url\" content=\"https:\/\/www.fvms.de\/en\/kreisau-krzyzowa-2\/more-about-kreisau\/\" \/>\n<meta property=\"og:site_name\" content=\"Freya von Moltke Stiftung\" \/>\n<meta property=\"article:publisher\" content=\"https:\/\/www.facebook.com\/FvMSt\" \/>\n<meta property=\"article:modified_time\" content=\"2026-01-20T17:22:57+00:00\" \/>\n<meta property=\"og:image\" content=\"https:\/\/www.fvms.de\/wp-content\/uploads\/2023\/12\/20190928-dsc0213021.jpg\" \/>\n\t<meta property=\"og:image:width\" content=\"2000\" \/>\n\t<meta property=\"og:image:height\" content=\"1333\" \/>\n\t<meta property=\"og:image:type\" content=\"image\/jpeg\" \/>\n<meta name=\"twitter:card\" content=\"summary_large_image\" \/>\n<meta name=\"twitter:label1\" content=\"Est. reading time\" \/>\n\t<meta name=\"twitter:data1\" content=\"3 minutes\" \/>\n<script type=\"application\/ld+json\" class=\"yoast-schema-graph\">{\"@context\":\"https:\/\/schema.org\",\"@graph\":[{\"@type\":\"WebPage\",\"@id\":\"https:\/\/www.fvms.de\/en\/kreisau-krzyzowa-2\/more-about-kreisau\/\",\"url\":\"https:\/\/www.fvms.de\/en\/kreisau-krzyzowa-2\/more-about-kreisau\/\",\"name\":\"More About Kreisau &#8226; Freya von Moltke Foundation\",\"isPartOf\":{\"@id\":\"https:\/\/www.fvms.de\/#website\"},\"primaryImageOfPage\":{\"@id\":\"https:\/\/www.fvms.de\/en\/kreisau-krzyzowa-2\/more-about-kreisau\/#primaryimage\"},\"image\":{\"@id\":\"https:\/\/www.fvms.de\/en\/kreisau-krzyzowa-2\/more-about-kreisau\/#primaryimage\"},\"thumbnailUrl\":\"https:\/\/www.fvms.de\/wp-content\/uploads\/2023\/12\/20190928-dsc0213021-1024x682.jpg\",\"datePublished\":\"2023-06-29T16:03:14+00:00\",\"dateModified\":\"2026-01-20T17:22:57+00:00\",\"description\":\"More about Kreisau: Here you\u2019ll find recommended literature and films, as well as our annual reports and foundation newsletters.\",\"breadcrumb\":{\"@id\":\"https:\/\/www.fvms.de\/en\/kreisau-krzyzowa-2\/more-about-kreisau\/#breadcrumb\"},\"inLanguage\":\"en-US\",\"potentialAction\":[{\"@type\":\"ReadAction\",\"target\":[\"https:\/\/www.fvms.de\/en\/kreisau-krzyzowa-2\/more-about-kreisau\/\"]}]},{\"@type\":\"ImageObject\",\"inLanguage\":\"en-US\",\"@id\":\"https:\/\/www.fvms.de\/en\/kreisau-krzyzowa-2\/more-about-kreisau\/#primaryimage\",\"url\":\"https:\/\/www.fvms.de\/wp-content\/uploads\/2023\/12\/20190928-dsc0213021-1024x682.jpg\",\"contentUrl\":\"https:\/\/www.fvms.de\/wp-content\/uploads\/2023\/12\/20190928-dsc0213021-1024x682.jpg\"},{\"@type\":\"BreadcrumbList\",\"@id\":\"https:\/\/www.fvms.de\/en\/kreisau-krzyzowa-2\/more-about-kreisau\/#breadcrumb\",\"itemListElement\":[{\"@type\":\"ListItem\",\"position\":1,\"name\":\"Home\",\"item\":\"https:\/\/www.fvms.de\/en\/\"},{\"@type\":\"ListItem\",\"position\":2,\"name\":\"Kreisau \/ Krzy\u017cowa\",\"item\":\"https:\/\/www.fvms.de\/en\/kreisau-krzyzowa-2\/\"},{\"@type\":\"ListItem\",\"position\":3,\"name\":\"More About Kreisau\"}]},{\"@type\":\"WebSite\",\"@id\":\"https:\/\/www.fvms.de\/#website\",\"url\":\"https:\/\/www.fvms.de\/\",\"name\":\"Freya von Moltke-Stiftung\",\"description\":\"F\u00fcr das neue Kreisgau\",\"publisher\":{\"@id\":\"https:\/\/www.fvms.de\/#organization\"},\"potentialAction\":[{\"@type\":\"SearchAction\",\"target\":{\"@type\":\"EntryPoint\",\"urlTemplate\":\"https:\/\/www.fvms.de\/?s={search_term_string}\"},\"query-input\":{\"@type\":\"PropertyValueSpecification\",\"valueRequired\":true,\"valueName\":\"search_term_string\"}}],\"inLanguage\":\"en-US\"},{\"@type\":\"Organization\",\"@id\":\"https:\/\/www.fvms.de\/#organization\",\"name\":\"Freya von Moltke-Stiftung\",\"url\":\"https:\/\/www.fvms.de\/\",\"logo\":{\"@type\":\"ImageObject\",\"inLanguage\":\"en-US\",\"@id\":\"https:\/\/www.fvms.de\/#\/schema\/logo\/image\/\",\"url\":\"https:\/\/www.fvms.de\/wp-content\/uploads\/2023\/06\/MoltkeStiftung_Logo2_RGB.svg\",\"contentUrl\":\"https:\/\/www.fvms.de\/wp-content\/uploads\/2023\/06\/MoltkeStiftung_Logo2_RGB.svg\",\"width\":425,\"height\":332,\"caption\":\"Freya von Moltke-Stiftung\"},\"image\":{\"@id\":\"https:\/\/www.fvms.de\/#\/schema\/logo\/image\/\"},\"sameAs\":[\"https:\/\/www.facebook.com\/FvMSt\"]}]}<\/script>\n<!-- \/ Yoast SEO plugin. -->","yoast_head_json":{"title":"More About Kreisau &#8226; Freya von Moltke Foundation","description":"More about Kreisau: Here you\u2019ll find recommended literature and films, as well as our annual reports and foundation newsletters.","robots":{"index":"index","follow":"follow","max-snippet":"max-snippet:-1","max-image-preview":"max-image-preview:large","max-video-preview":"max-video-preview:-1"},"canonical":"https:\/\/www.fvms.de\/en\/kreisau-krzyzowa-2\/more-about-kreisau\/","og_locale":"en_US","og_type":"article","og_title":"More About Kreisau &#8226; Freya von Moltke Foundation","og_description":"More about Kreisau: Here you\u2019ll find recommended literature and films, as well as our annual reports and foundation newsletters.","og_url":"https:\/\/www.fvms.de\/en\/kreisau-krzyzowa-2\/more-about-kreisau\/","og_site_name":"Freya von Moltke Stiftung","article_publisher":"https:\/\/www.facebook.com\/FvMSt","article_modified_time":"2026-01-20T17:22:57+00:00","og_image":[{"width":2000,"height":1333,"url":"https:\/\/www.fvms.de\/wp-content\/uploads\/2023\/12\/20190928-dsc0213021.jpg","type":"image\/jpeg"}],"twitter_card":"summary_large_image","twitter_misc":{"Est. reading time":"3 minutes"},"schema":{"@context":"https:\/\/schema.org","@graph":[{"@type":"WebPage","@id":"https:\/\/www.fvms.de\/en\/kreisau-krzyzowa-2\/more-about-kreisau\/","url":"https:\/\/www.fvms.de\/en\/kreisau-krzyzowa-2\/more-about-kreisau\/","name":"More About Kreisau &#8226; Freya von Moltke Foundation","isPartOf":{"@id":"https:\/\/www.fvms.de\/#website"},"primaryImageOfPage":{"@id":"https:\/\/www.fvms.de\/en\/kreisau-krzyzowa-2\/more-about-kreisau\/#primaryimage"},"image":{"@id":"https:\/\/www.fvms.de\/en\/kreisau-krzyzowa-2\/more-about-kreisau\/#primaryimage"},"thumbnailUrl":"https:\/\/www.fvms.de\/wp-content\/uploads\/2023\/12\/20190928-dsc0213021-1024x682.jpg","datePublished":"2023-06-29T16:03:14+00:00","dateModified":"2026-01-20T17:22:57+00:00","description":"More about Kreisau: Here you\u2019ll find recommended literature and films, as well as our annual reports and foundation newsletters.","breadcrumb":{"@id":"https:\/\/www.fvms.de\/en\/kreisau-krzyzowa-2\/more-about-kreisau\/#breadcrumb"},"inLanguage":"en-US","potentialAction":[{"@type":"ReadAction","target":["https:\/\/www.fvms.de\/en\/kreisau-krzyzowa-2\/more-about-kreisau\/"]}]},{"@type":"ImageObject","inLanguage":"en-US","@id":"https:\/\/www.fvms.de\/en\/kreisau-krzyzowa-2\/more-about-kreisau\/#primaryimage","url":"https:\/\/www.fvms.de\/wp-content\/uploads\/2023\/12\/20190928-dsc0213021-1024x682.jpg","contentUrl":"https:\/\/www.fvms.de\/wp-content\/uploads\/2023\/12\/20190928-dsc0213021-1024x682.jpg"},{"@type":"BreadcrumbList","@id":"https:\/\/www.fvms.de\/en\/kreisau-krzyzowa-2\/more-about-kreisau\/#breadcrumb","itemListElement":[{"@type":"ListItem","position":1,"name":"Home","item":"https:\/\/www.fvms.de\/en\/"},{"@type":"ListItem","position":2,"name":"Kreisau \/ Krzy\u017cowa","item":"https:\/\/www.fvms.de\/en\/kreisau-krzyzowa-2\/"},{"@type":"ListItem","position":3,"name":"More About Kreisau"}]},{"@type":"WebSite","@id":"https:\/\/www.fvms.de\/#website","url":"https:\/\/www.fvms.de\/","name":"Freya von Moltke-Stiftung","description":"F\u00fcr das neue Kreisgau","publisher":{"@id":"https:\/\/www.fvms.de\/#organization"},"potentialAction":[{"@type":"SearchAction","target":{"@type":"EntryPoint","urlTemplate":"https:\/\/www.fvms.de\/?s={search_term_string}"},"query-input":{"@type":"PropertyValueSpecification","valueRequired":true,"valueName":"search_term_string"}}],"inLanguage":"en-US"},{"@type":"Organization","@id":"https:\/\/www.fvms.de\/#organization","name":"Freya von Moltke-Stiftung","url":"https:\/\/www.fvms.de\/","logo":{"@type":"ImageObject","inLanguage":"en-US","@id":"https:\/\/www.fvms.de\/#\/schema\/logo\/image\/","url":"https:\/\/www.fvms.de\/wp-content\/uploads\/2023\/06\/MoltkeStiftung_Logo2_RGB.svg","contentUrl":"https:\/\/www.fvms.de\/wp-content\/uploads\/2023\/06\/MoltkeStiftung_Logo2_RGB.svg","width":425,"height":332,"caption":"Freya von Moltke-Stiftung"},"image":{"@id":"https:\/\/www.fvms.de\/#\/schema\/logo\/image\/"},"sameAs":["https:\/\/www.facebook.com\/FvMSt"]}]}},"_links":{"self":[{"href":"https:\/\/www.fvms.de\/en\/wp-json\/wp\/v2\/pages\/8801","targetHints":{"allow":["GET"]}}],"collection":[{"href":"https:\/\/www.fvms.de\/en\/wp-json\/wp\/v2\/pages"}],"about":[{"href":"https:\/\/www.fvms.de\/en\/wp-json\/wp\/v2\/types\/page"}],"author":[{"embeddable":true,"href":"https:\/\/www.fvms.de\/en\/wp-json\/wp\/v2\/users\/16"}],"replies":[{"embeddable":true,"href":"https:\/\/www.fvms.de\/en\/wp-json\/wp\/v2\/comments?post=8801"}],"version-history":[{"count":6,"href":"https:\/\/www.fvms.de\/en\/wp-json\/wp\/v2\/pages\/8801\/revisions"}],"predecessor-version":[{"id":9795,"href":"https:\/\/www.fvms.de\/en\/wp-json\/wp\/v2\/pages\/8801\/revisions\/9795"}],"up":[{"embeddable":true,"href":"https:\/\/www.fvms.de\/en\/wp-json\/wp\/v2\/pages\/8593"}],"wp:attachment":[{"href":"https:\/\/www.fvms.de\/en\/wp-json\/wp\/v2\/media?parent=8801"}],"curies":[{"name":"wp","href":"https:\/\/api.w.org\/{rel}","templated":true}]}}